{"id":10162,"date":"2020-07-21T17:16:46","date_gmt":"2020-07-21T15:16:46","guid":{"rendered":"https:\/\/homann-architects.com\/homann-contact\/"},"modified":"2023-07-13T16:14:40","modified_gmt":"2023-07-13T14:14:40","slug":"homann-contact","status":"publish","type":"page","link":"https:\/\/homann-architects.com\/en\/homann-contact\/","title":{"rendered":"Homann contact"},"content":{"rendered":"<p>[et_pb_section fb_built=&#8221;1&#8243; fullwidth=&#8221;on&#8221; _builder_version=&#8221;4.16&#8243; custom_margin=&#8221;|0px||0px|false|false&#8221; custom_padding=&#8221;|0px||0px|false|false&#8221; global_colors_info=&#8221;{}&#8221;][et_pb_fullwidth_slider _builder_version=&#8221;4.16&#8243; custom_margin=&#8221;|0px||0px|false|false&#8221; custom_padding=&#8221;|0px||0px|false|false&#8221; global_colors_info=&#8221;{}&#8221;][et_pb_slide heading=&#8221;Our&#8221; use_bg_overlay=&#8221;off&#8221; use_text_overlay=&#8221;on&#8221; text_overlay_color=&#8221;rgba(0,0,0,0.6)&#8221; text_border_radius=&#8221;0px&#8221; _builder_version=&#8221;4.16&#8243; header_font=&#8221;|||on|||||&#8221; header_text_align=&#8221;center&#8221; header_font_size=&#8221;3.2vw&#8221; header_letter_spacing=&#8221;0px&#8221; header_line_height=&#8221;1.3em&#8221; background_enable_color=&#8221;off&#8221; background_image=&#8221;https:\/\/homann-architects.com\/wp-content\/uploads\/2020\/11\/AH_04289-1.jpg&#8221; background_enable_image=&#8221;on&#8221; parallax=&#8221;on&#8221; header_font_size_tablet=&#8221;5.5vw&#8221; header_font_size_phone=&#8221;6vw&#8221; header_font_size_last_edited=&#8221;on|phone&#8221; header_line_height_tablet=&#8221;1.4em&#8221; header_line_height_phone=&#8221;&#8221; header_line_height_last_edited=&#8221;on|tablet&#8221; global_colors_info=&#8221;{}&#8221; sticky_transition=&#8221;on&#8221;][\/et_pb_slide][\/et_pb_fullwidth_slider][\/et_pb_section][et_pb_section fb_built=&#8221;1&#8243; _builder_version=&#8221;4.6.5&#8243; _module_preset=&#8221;default&#8221; global_module=&#8221;2051&#8243; saved_tabs=&#8221;all&#8221; collapsed=&#8221;off&#8221; global_colors_info=&#8221;{}&#8221;][et_pb_row _builder_version=&#8221;4.16&#8243; _module_preset=&#8221;default&#8221; global_colors_info=&#8221;{}&#8221;][et_pb_column type=&#8221;4_4&#8243; _builder_version=&#8221;4.16&#8243; _module_preset=&#8221;default&#8221; global_colors_info=&#8221;{}&#8221;][et_pb_blurb use_icon=&#8221;on&#8221; font_icon=&#8221;&#x3b;||divi||400&#8243; icon_color=&#8221;rgba(0,0,0,0.6)&#8221; image_icon_width=&#8221;60px&#8221; disabled_on=&#8221;on|on|off&#8221; _builder_version=&#8221;4.16&#8243; _module_preset=&#8221;default&#8221; custom_margin=&#8221;-225px||||false|false&#8221; animation_style=&#8221;bounce&#8221; animation_direction=&#8221;top&#8221; animation_duration=&#8221;1500ms&#8221; animation=&#8221;off&#8221; link_option_url=&#8221;#mission&#8221; icon_font_size=&#8221;60px&#8221; global_colors_info=&#8221;{}&#8221;][\/et_pb_blurb][\/et_pb_column][\/et_pb_row][\/et_pb_section][et_pb_section fb_built=&#8221;1&#8243; module_id=&#8221;mission&#8221; _builder_version=&#8221;4.16&#8243; custom_margin=&#8221;-190px||10px||false|false&#8221; custom_margin_tablet=&#8221;-140px||||false|false&#8221; custom_margin_phone=&#8221;-160px||||false|false&#8221; custom_margin_last_edited=&#8221;on|phone&#8221; custom_padding=&#8221;10px||10px||false|false&#8221; global_colors_info=&#8221;{}&#8221;][et_pb_row custom_padding_last_edited=&#8221;on|tablet&#8221; _builder_version=&#8221;4.16&#8243; custom_padding_tablet=&#8221;||0px||false|false&#8221; custom_padding_phone=&#8221;&#8221; global_colors_info=&#8221;{}&#8221;][et_pb_column type=&#8221;4_4&#8243; _builder_version=&#8221;4.16&#8243; _module_preset=&#8221;default&#8221; global_colors_info=&#8221;{}&#8221;][et_pb_text _builder_version=&#8221;4.16&#8243; text_font=&#8221;Open Sans|300||on|||||&#8221; text_text_color=&#8221;#000000&#8243; text_font_size=&#8221;38px&#8221; header_2_font=&#8221;|300|||||||&#8221; header_2_text_align=&#8221;left&#8221; header_2_text_color=&#8221;#000000&#8243; header_2_font_size=&#8221;2.05vw&#8221; header_2_line_height=&#8221;1.3em&#8221; text_orientation=&#8221;center&#8221; custom_margin=&#8221;0px||0px||false|false&#8221; custom_padding=&#8221;0px||0px||false|false&#8221; hover_enabled=&#8221;0&#8243; header_2_font_size_tablet=&#8221;3.2vw&#8221; header_2_font_size_phone=&#8221;5.5vw&#8221; header_2_font_size_last_edited=&#8221;on|phone&#8221; header_2_line_height_tablet=&#8221;1.4em&#8221; header_2_line_height_phone=&#8221;&#8221; header_2_line_height_last_edited=&#8221;on|tablet&#8221; global_colors_info=&#8221;{}&#8221; sticky_enabled=&#8221;0&#8243;]<\/p>\n<h2>GET IN TOUCH AND <span style=\"font-weight: 500;\">GET INSPIRED<\/span>.<\/h2>\n<p>[\/et_pb_text][\/et_pb_column][\/et_pb_row][\/et_pb_section][et_pb_section fb_built=&#8221;1&#8243; _builder_version=&#8221;4.16&#8243; custom_margin=&#8221;16px||||false|false&#8221; custom_padding=&#8221;0px|0px|0px|0px|false|false&#8221; global_colors_info=&#8221;{}&#8221;][et_pb_row column_structure=&#8221;1_2,1_2&#8243; use_custom_gutter=&#8221;on&#8221; gutter_width=&#8221;1&#8243; make_equal=&#8221;on&#8221; _builder_version=&#8221;4.16&#8243; module_alignment=&#8221;center&#8221; custom_margin=&#8221;40px||10px||false|false&#8221; custom_padding=&#8221;0px||0px||false|false&#8221; global_colors_info=&#8221;{}&#8221;][et_pb_column type=&#8221;1_2&#8243; _builder_version=&#8221;4.16&#8243; custom_padding_tablet=&#8221;||10px||false|false&#8221; custom_padding_phone=&#8221;&#8221; custom_padding_last_edited=&#8221;on|tablet&#8221; custom_css_main_element=&#8221;display: flex;||justify-content: space-between;&#8221; border_width_right=&#8221;5px&#8221; border_color_right=&#8221;#ffffff&#8221; border_width_right_tablet=&#8221;0px&#8221; border_width_right_phone=&#8221;&#8221; border_width_right_last_edited=&#8221;on|tablet&#8221; global_colors_info=&#8221;{}&#8221;][et_pb_blurb title=&#8221;berlin&#8221; image=&#8221;https:\/\/homann-architects.com\/wp-content\/uploads\/2021\/06\/homann_architects_standort_berlin.jpg&#8221; alt=&#8221;Homann Site Berlin&#8221; content_max_width=&#8221;100%&#8221; admin_label=&#8221;Blurb&#8221; _builder_version=&#8221;4.20.0&#8243; _module_preset=&#8221;d8b881c7-d974-4fa5-8d0b-4858553bdc5f&#8221; header_font=&#8221;|||on|||||&#8221; header_line_height=&#8221;0.9em&#8221; body_line_height=&#8221;1.8em&#8221; background_color=&#8221;#000000&#8243; background_layout=&#8221;dark&#8221; width=&#8221;100%&#8221; max_width=&#8221;100%&#8221; custom_margin=&#8221;||||false|false&#8221; custom_padding=&#8221;||20px||false|false&#8221; hover_enabled=&#8221;0&#8243; body_font_size_tablet=&#8221;16px&#8221; body_font_size_phone=&#8221;14px&#8221; body_font_size_last_edited=&#8221;on|phone&#8221; body_line_height_tablet=&#8221;1.8em&#8221; body_line_height_phone=&#8221;1.8em&#8221; body_line_height_last_edited=&#8221;on|desktop&#8221; global_colors_info=&#8221;{}&#8221; sticky_enabled=&#8221;0&#8243;]<\/p>\n<p>HOMANN GmbH<br \/>Gutenbergstra\u00dfe 2<br \/>10587 Berlin<br \/>Phone +49 2961 744 69 100<br \/><a href=\"mailto:%20office@homann-architects.com\"> office@homann-architects.com <\/a><\/p>\n<p>[\/et_pb_blurb][\/et_pb_column][et_pb_column type=&#8221;1_2&#8243; _builder_version=&#8221;4.16&#8243; custom_css_main_element=&#8221;display: flex;||justify-content: space-between;&#8221; border_width_left=&#8221;5px&#8221; border_color_left=&#8221;#ffffff&#8221; border_width_left_tablet=&#8221;0px&#8221; border_width_left_phone=&#8221;&#8221; border_width_left_last_edited=&#8221;on|tablet&#8221; global_colors_info=&#8221;{}&#8221;][et_pb_blurb title=&#8221;brilon&#8221; image=&#8221;https:\/\/homann-architects.com\/wp-content\/uploads\/2020\/11\/Homann-Standort-Brilon.jpg&#8221; alt=&#8221;Homann Site Brilon&#8221; content_max_width=&#8221;100%&#8221; _builder_version=&#8221;4.20.0&#8243; _module_preset=&#8221;d8b881c7-d974-4fa5-8d0b-4858553bdc5f&#8221; header_font=&#8221;|||on|||||&#8221; header_line_height=&#8221;0.9em&#8221; body_line_height=&#8221;1.8em&#8221; background_color=&#8221;#000000&#8243; background_layout=&#8221;dark&#8221; width=&#8221;100%&#8221; max_width=&#8221;100%&#8221; custom_margin=&#8221;||||false|false&#8221; custom_padding=&#8221;||20px||false|false&#8221; hover_enabled=&#8221;0&#8243; body_font_size_tablet=&#8221;16px&#8221; body_font_size_phone=&#8221;14px&#8221; body_font_size_last_edited=&#8221;on|phone&#8221; global_colors_info=&#8221;{}&#8221; sticky_enabled=&#8221;0&#8243;]<\/p>\n<p>HOMANN GmbH<br \/>Keffelker Stra\u00dfe 26<br \/>59929 Brilon<br \/>Phone +49 2961 744 69 100<br \/><a href=\"mailto:%20office@homann-architects.com\"> office@homann-architects.com <\/a><\/p>\n<p>[\/et_pb_blurb][\/et_pb_column][\/et_pb_row][et_pb_row column_structure=&#8221;1_2,1_2&#8243; use_custom_gutter=&#8221;on&#8221; gutter_width=&#8221;1&#8243; make_equal=&#8221;on&#8221; _builder_version=&#8221;4.16&#8243; module_alignment=&#8221;center&#8221; custom_margin=&#8221;0px||||false|false&#8221; custom_padding=&#8221;0px||14px||false|false&#8221; global_colors_info=&#8221;{}&#8221;][et_pb_column type=&#8221;1_2&#8243; _builder_version=&#8221;4.16&#8243; custom_padding_tablet=&#8221;||||false|false&#8221; custom_padding_phone=&#8221;&#8221; custom_padding_last_edited=&#8221;on|tablet&#8221; border_width_right=&#8221;5px&#8221; border_color_right=&#8221;#ffffff&#8221; border_width_right_tablet=&#8221;0px&#8221; border_width_right_phone=&#8221;&#8221; border_width_right_last_edited=&#8221;on|tablet&#8221; global_colors_info=&#8221;{}&#8221;][et_pb_blurb title=&#8221;d\u00fcsseldorf&#8221; image=&#8221;https:\/\/homann-architects.com\/wp-content\/uploads\/2020\/09\/Homann-Standort-Duesseldorf.jpg&#8221; alt=&#8221;Homann-Standort-Duesseldorf&#8221; content_max_width=&#8221;100%&#8221; _builder_version=&#8221;4.20.0&#8243; _module_preset=&#8221;d8b881c7-d974-4fa5-8d0b-4858553bdc5f&#8221; header_font=&#8221;|||on|||||&#8221; header_line_height=&#8221;0.9em&#8221; body_line_height=&#8221;1.8em&#8221; background_color=&#8221;#000000&#8243; background_layout=&#8221;dark&#8221; width=&#8221;100%&#8221; max_width=&#8221;100%&#8221; custom_margin=&#8221;||||false|false&#8221; custom_padding=&#8221;||20px||false|false&#8221; hover_enabled=&#8221;0&#8243; body_font_size_tablet=&#8221;16px&#8221; body_font_size_phone=&#8221;14px&#8221; body_font_size_last_edited=&#8221;on|phone&#8221; global_colors_info=&#8221;{}&#8221; sticky_enabled=&#8221;0&#8243;]<\/p>\n<p>HOMANN GmbH<br \/>Stresemannstra\u00dfe 28<br \/>40210 D\u00fcsseldorf<br \/>Phone +49 2961 744 69 100<br \/><a href=\"mailto:%20office@homann-architects.com\"> office@homann-architects.com <\/a><\/p>\n<p>[\/et_pb_blurb][\/et_pb_column][et_pb_column type=&#8221;1_2&#8243; _builder_version=&#8221;4.16&#8243; custom_padding_tablet=&#8221;10px||||false|false&#8221; custom_padding_phone=&#8221;&#8221; custom_padding_last_edited=&#8221;on|tablet&#8221; border_width_left=&#8221;5px&#8221; border_color_left=&#8221;#ffffff&#8221; border_width_left_tablet=&#8221;0px&#8221; border_width_left_phone=&#8221;&#8221; border_width_left_last_edited=&#8221;on|tablet&#8221; global_colors_info=&#8221;{}&#8221;][et_pb_blurb title=&#8221;frankfurt&#8221; image=&#8221;https:\/\/homann-architects.com\/wp-content\/uploads\/2020\/07\/Homann-Standort-Franfurt.jpg&#8221; alt=&#8221;Homann-Standort-Franfurt&#8221; content_max_width=&#8221;100%&#8221; _builder_version=&#8221;4.20.0&#8243; _module_preset=&#8221;d8b881c7-d974-4fa5-8d0b-4858553bdc5f&#8221; header_font=&#8221;|||on|||||&#8221; header_line_height=&#8221;0.9em&#8221; body_line_height=&#8221;1.8em&#8221; background_color=&#8221;#000000&#8243; background_layout=&#8221;dark&#8221; width=&#8221;100%&#8221; max_width=&#8221;100%&#8221; custom_margin=&#8221;||||false|false&#8221; custom_padding=&#8221;||20px||false|false&#8221; hover_enabled=&#8221;0&#8243; body_font_size_tablet=&#8221;16px&#8221; body_font_size_phone=&#8221;14px&#8221; body_font_size_last_edited=&#8221;on|phone&#8221; global_colors_info=&#8221;{}&#8221; sticky_enabled=&#8221;0&#8243;]<\/p>\n<p>HOMANN GmbH<br \/>Hanauer Landstra\u00dfe 153<br \/>60314 Frankfurt am Main<br \/>Phone +49 2961 744 69 100<br \/><a href=\"mailto:%20office@homann-architects.com\"> office@homann-architects.com <\/a><\/p>\n<p>[\/et_pb_blurb][\/et_pb_column][\/et_pb_row][\/et_pb_section][et_pb_section fb_built=&#8221;1&#8243; _builder_version=&#8221;4.16&#8243; custom_margin=&#8221;||||false|false&#8221; custom_padding=&#8221;0px||||false|false&#8221; global_colors_info=&#8221;{}&#8221;][et_pb_row _builder_version=&#8221;4.16&#8243; background_enable_color=&#8221;off&#8221; custom_margin=&#8221;40px||||false|false&#8221; custom_padding=&#8221;||||true|true&#8221; global_colors_info=&#8221;{}&#8221;][et_pb_column type=&#8221;4_4&#8243; _builder_version=&#8221;4.16&#8243; global_colors_info=&#8221;{}&#8221;][et_pb_contact_form captcha=&#8221;off&#8221; email=&#8221;office@homann-architects.com&#8221; submit_button_text=&#8221;Send&#8221; _builder_version=&#8221;4.16&#8243; _module_preset=&#8221;default&#8221; _unique_id=&#8221;96aef9f8-7366-4244-ac78-e4a8fec507b6&#8243; form_field_background_color=&#8221;#ffffff&#8221; custom_button=&#8221;on&#8221; button_text_color=&#8221;#000000&#8243; button_border_width=&#8221;1px&#8221; button_border_color=&#8221;#000000&#8243; button_border_radius=&#8221;0px&#8221; custom_css_contact_button=&#8221;margin-top: 12px&#8221; border_width_all=&#8221;1px&#8221; global_colors_info=&#8221;{}&#8221; button_bg_color__hover_enabled=&#8221;on|hover&#8221; button_bg_color__hover=&#8221;rgba(0,0,0,0.3)&#8221; button_bg_enable_color__hover=&#8221;on&#8221; custom_css_contact_button_last_edited=&#8221;on|phone&#8221; custom_css_contact_button_tablet=&#8221;margin-top: 6px&#8221; custom_css_contact_button_phone=&#8221;margin-top: 6px&#8221;][et_pb_contact_field field_id=&#8221;Unternehmen&#8221; field_title=&#8221;Company&#8221; required_mark=&#8221;off&#8221; fullwidth_field=&#8221;on&#8221; _builder_version=&#8221;4.16&#8243; _module_preset=&#8221;default&#8221; global_colors_info=&#8221;{}&#8221;][\/et_pb_contact_field][et_pb_contact_field field_id=&#8221;Name&#8221; field_title=&#8221;Surname\/First name&#8221; fullwidth_field=&#8221;on&#8221; _builder_version=&#8221;4.16&#8243; global_colors_info=&#8221;{}&#8221; button_text_size__hover_enabled=&#8221;off&#8221; button_one_text_size__hover_enabled=&#8221;off&#8221; button_two_text_size__hover_enabled=&#8221;off&#8221; button_text_color__hover_enabled=&#8221;off&#8221; button_one_text_color__hover_enabled=&#8221;off&#8221; button_two_text_color__hover_enabled=&#8221;off&#8221; button_border_width__hover_enabled=&#8221;off&#8221; button_one_border_width__hover_enabled=&#8221;off&#8221; button_two_border_width__hover_enabled=&#8221;off&#8221; button_border_color__hover_enabled=&#8221;off&#8221; button_one_border_color__hover_enabled=&#8221;off&#8221; button_two_border_color__hover_enabled=&#8221;off&#8221; button_border_radius__hover_enabled=&#8221;off&#8221; button_one_border_radius__hover_enabled=&#8221;off&#8221; button_two_border_radius__hover_enabled=&#8221;off&#8221; button_letter_spacing__hover_enabled=&#8221;off&#8221; button_one_letter_spacing__hover_enabled=&#8221;off&#8221; button_two_letter_spacing__hover_enabled=&#8221;off&#8221; button_bg_color__hover_enabled=&#8221;off&#8221; button_one_bg_color__hover_enabled=&#8221;off&#8221; button_two_bg_color__hover_enabled=&#8221;off&#8221;][\/et_pb_contact_field][et_pb_contact_field field_id=&#8221;Telefon&#8221; field_title=&#8221;Phone&#8221; allowed_symbols=&#8221;alphanumeric&#8221; required_mark=&#8221;off&#8221; _builder_version=&#8221;4.16&#8243; _module_preset=&#8221;default&#8221; global_colors_info=&#8221;{}&#8221;][\/et_pb_contact_field][et_pb_contact_field field_id=&#8221;Email&#8221; field_title=&#8221;E-Mail-adress&#8221; field_type=&#8221;email&#8221; _builder_version=&#8221;4.16&#8243; global_colors_info=&#8221;{}&#8221; button_text_size__hover_enabled=&#8221;off&#8221; button_one_text_size__hover_enabled=&#8221;off&#8221; button_two_text_size__hover_enabled=&#8221;off&#8221; button_text_color__hover_enabled=&#8221;off&#8221; button_one_text_color__hover_enabled=&#8221;off&#8221; button_two_text_color__hover_enabled=&#8221;off&#8221; button_border_width__hover_enabled=&#8221;off&#8221; button_one_border_width__hover_enabled=&#8221;off&#8221; button_two_border_width__hover_enabled=&#8221;off&#8221; button_border_color__hover_enabled=&#8221;off&#8221; button_one_border_color__hover_enabled=&#8221;off&#8221; button_two_border_color__hover_enabled=&#8221;off&#8221; button_border_radius__hover_enabled=&#8221;off&#8221; button_one_border_radius__hover_enabled=&#8221;off&#8221; button_two_border_radius__hover_enabled=&#8221;off&#8221; button_letter_spacing__hover_enabled=&#8221;off&#8221; button_one_letter_spacing__hover_enabled=&#8221;off&#8221; button_two_letter_spacing__hover_enabled=&#8221;off&#8221; button_bg_color__hover_enabled=&#8221;off&#8221; button_one_bg_color__hover_enabled=&#8221;off&#8221; button_two_bg_color__hover_enabled=&#8221;off&#8221;][\/et_pb_contact_field][et_pb_contact_field field_id=&#8221;Strasse&#8221; field_title=&#8221;Postal address&#8221; required_mark=&#8221;off&#8221; fullwidth_field=&#8221;on&#8221; _builder_version=&#8221;4.16&#8243; _module_preset=&#8221;default&#8221; global_colors_info=&#8221;{}&#8221;][\/et_pb_contact_field][et_pb_contact_field field_id=&#8221;PLZ&#8221; field_title=&#8221;Country code&#8221; min_length=&#8221;5&#8243; max_length=&#8221;5&#8243; allowed_symbols=&#8221;numbers&#8221; required_mark=&#8221;off&#8221; _builder_version=&#8221;4.16&#8243; _module_preset=&#8221;default&#8221; global_colors_info=&#8221;{}&#8221;][\/et_pb_contact_field][et_pb_contact_field field_id=&#8221;Ort&#8221; field_title=&#8221;City&#8221; _builder_version=&#8221;4.16&#8243; _module_preset=&#8221;default&#8221; global_colors_info=&#8221;{}&#8221;][\/et_pb_contact_field][et_pb_contact_field field_id=&#8221;Message&#8221; field_title=&#8221;Message&#8221; field_type=&#8221;text&#8221; fullwidth_field=&#8221;on&#8221; _builder_version=&#8221;4.16&#8243; global_colors_info=&#8221;{}&#8221; button_text_size__hover_enabled=&#8221;off&#8221; button_one_text_size__hover_enabled=&#8221;off&#8221; button_two_text_size__hover_enabled=&#8221;off&#8221; button_text_color__hover_enabled=&#8221;off&#8221; button_one_text_color__hover_enabled=&#8221;off&#8221; button_two_text_color__hover_enabled=&#8221;off&#8221; button_border_width__hover_enabled=&#8221;off&#8221; button_one_border_width__hover_enabled=&#8221;off&#8221; button_two_border_width__hover_enabled=&#8221;off&#8221; button_border_color__hover_enabled=&#8221;off&#8221; button_one_border_color__hover_enabled=&#8221;off&#8221; button_two_border_color__hover_enabled=&#8221;off&#8221; button_border_radius__hover_enabled=&#8221;off&#8221; button_one_border_radius__hover_enabled=&#8221;off&#8221; button_two_border_radius__hover_enabled=&#8221;off&#8221; button_letter_spacing__hover_enabled=&#8221;off&#8221; button_one_letter_spacing__hover_enabled=&#8221;off&#8221; button_two_letter_spacing__hover_enabled=&#8221;off&#8221; button_bg_color__hover_enabled=&#8221;off&#8221; button_one_bg_color__hover_enabled=&#8221;off&#8221; button_two_bg_color__hover_enabled=&#8221;off&#8221;][\/et_pb_contact_field][\/et_pb_contact_form][\/et_pb_column][\/et_pb_row][\/et_pb_section]<\/p>\n","protected":false},"excerpt":{"rendered":"<p>GET IN TOUCH AND GET INSPIRED.HOMANN GmbHGutenbergstra\u00dfe 210587 BerlinPhone +49 2961 744 69 100 office@homann-architects.com HOMANN GmbHKeffelker Stra\u00dfe 2659929 BrilonPhone +49 2961 744 69 100 office@homann-architects.com HOMANN GmbHStresemannstra\u00dfe 2840210 D\u00fcsseldorfPhone +49 2961 744 69 100 office@homann-architects.com HOMANN GmbHHanauer Landstra\u00dfe 15360314 Frankfurt am MainPhone +49 2961 744 69 100 office@homann-architects.com<\/p>\n","protected":false},"author":1,"featured_media":0,"parent":0,"menu_order":0,"comment_status":"closed","ping_status":"open","template":"","meta":{"_et_pb_use_builder":"on","_et_pb_old_content":"","_et_gb_content_width":"","footnotes":""},"class_list":["post-10162","page","type-page","status-publish","hentry"],"yoast_head":"<!-- This site is optimized with the Yoast SEO plugin v27.3 - https:\/\/yoast.com\/product\/yoast-seo-wordpress\/ -->\n<title>Contact - Homann Architects<\/title>\n<meta name=\"description\" content=\"Please do not hesitate to contact us if you have any questions. Write us an e-mail or use our contact form.\" \/>\n<meta name=\"robots\" content=\"index, follow, max-snippet:-1, max-image-preview:large, max-video-preview:-1\" \/>\n<link rel=\"canonical\" href=\"https:\/\/homann-architects.com\/en\/homann-contact\/\" \/>\n<meta property=\"og:locale\" content=\"en_US\" \/>\n<meta property=\"og:type\" content=\"article\" \/>\n<meta property=\"og:title\" content=\"Contact - Homann Architects\" \/>\n<meta property=\"og:description\" content=\"Please do not hesitate to contact us if you have any questions. Write us an e-mail or use our contact form.\" \/>\n<meta property=\"og:url\" content=\"https:\/\/homann-architects.com\/en\/homann-contact\/\" \/>\n<meta property=\"og:site_name\" content=\"Homann Architects\" \/>\n<meta property=\"article:modified_time\" content=\"2023-07-13T14:14:40+00:00\" \/>\n<meta name=\"twitter:card\" content=\"summary_large_image\" \/>\n<meta name=\"twitter:label1\" content=\"Est. reading time\" \/>\n\t<meta name=\"twitter:data1\" content=\"10 minutes\" \/>\n<script type=\"application\/ld+json\" class=\"yoast-schema-graph\">{\"@context\":\"https:\\\/\\\/schema.org\",\"@graph\":[{\"@type\":\"WebPage\",\"@id\":\"https:\\\/\\\/homann-architects.com\\\/en\\\/homann-contact\\\/\",\"url\":\"https:\\\/\\\/homann-architects.com\\\/en\\\/homann-contact\\\/\",\"name\":\"Contact - Homann Architects\",\"isPartOf\":{\"@id\":\"https:\\\/\\\/homann-architects.com\\\/en\\\/#website\"},\"datePublished\":\"2020-07-21T15:16:46+00:00\",\"dateModified\":\"2023-07-13T14:14:40+00:00\",\"description\":\"Please do not hesitate to contact us if you have any questions. Write us an e-mail or use our contact form.\",\"breadcrumb\":{\"@id\":\"https:\\\/\\\/homann-architects.com\\\/en\\\/homann-contact\\\/#breadcrumb\"},\"inLanguage\":\"en-US\",\"potentialAction\":[{\"@type\":\"ReadAction\",\"target\":[\"https:\\\/\\\/homann-architects.com\\\/en\\\/homann-contact\\\/\"]}]},{\"@type\":\"BreadcrumbList\",\"@id\":\"https:\\\/\\\/homann-architects.com\\\/en\\\/homann-contact\\\/#breadcrumb\",\"itemListElement\":[{\"@type\":\"ListItem\",\"position\":1,\"name\":\"Startseite\",\"item\":\"https:\\\/\\\/homann-architects.com\\\/en\\\/home\\\/\"},{\"@type\":\"ListItem\",\"position\":2,\"name\":\"Homann contact\"}]},{\"@type\":\"WebSite\",\"@id\":\"https:\\\/\\\/homann-architects.com\\\/en\\\/#website\",\"url\":\"https:\\\/\\\/homann-architects.com\\\/en\\\/\",\"name\":\"Homann Architects\",\"description\":\"\",\"potentialAction\":[{\"@type\":\"SearchAction\",\"target\":{\"@type\":\"EntryPoint\",\"urlTemplate\":\"https:\\\/\\\/homann-architects.com\\\/en\\\/?s={search_term_string}\"},\"query-input\":{\"@type\":\"PropertyValueSpecification\",\"valueRequired\":true,\"valueName\":\"search_term_string\"}}],\"inLanguage\":\"en-US\"}]}<\/script>\n<!-- \/ Yoast SEO plugin. -->","yoast_head_json":{"title":"Contact - Homann Architects","description":"Please do not hesitate to contact us if you have any questions. Write us an e-mail or use our contact form.","robots":{"index":"index","follow":"follow","max-snippet":"max-snippet:-1","max-image-preview":"max-image-preview:large","max-video-preview":"max-video-preview:-1"},"canonical":"https:\/\/homann-architects.com\/en\/homann-contact\/","og_locale":"en_US","og_type":"article","og_title":"Contact - Homann Architects","og_description":"Please do not hesitate to contact us if you have any questions. Write us an e-mail or use our contact form.","og_url":"https:\/\/homann-architects.com\/en\/homann-contact\/","og_site_name":"Homann Architects","article_modified_time":"2023-07-13T14:14:40+00:00","twitter_card":"summary_large_image","twitter_misc":{"Est. reading time":"10 minutes"},"schema":{"@context":"https:\/\/schema.org","@graph":[{"@type":"WebPage","@id":"https:\/\/homann-architects.com\/en\/homann-contact\/","url":"https:\/\/homann-architects.com\/en\/homann-contact\/","name":"Contact - Homann Architects","isPartOf":{"@id":"https:\/\/homann-architects.com\/en\/#website"},"datePublished":"2020-07-21T15:16:46+00:00","dateModified":"2023-07-13T14:14:40+00:00","description":"Please do not hesitate to contact us if you have any questions. Write us an e-mail or use our contact form.","breadcrumb":{"@id":"https:\/\/homann-architects.com\/en\/homann-contact\/#breadcrumb"},"inLanguage":"en-US","potentialAction":[{"@type":"ReadAction","target":["https:\/\/homann-architects.com\/en\/homann-contact\/"]}]},{"@type":"BreadcrumbList","@id":"https:\/\/homann-architects.com\/en\/homann-contact\/#breadcrumb","itemListElement":[{"@type":"ListItem","position":1,"name":"Startseite","item":"https:\/\/homann-architects.com\/en\/home\/"},{"@type":"ListItem","position":2,"name":"Homann contact"}]},{"@type":"WebSite","@id":"https:\/\/homann-architects.com\/en\/#website","url":"https:\/\/homann-architects.com\/en\/","name":"Homann Architects","description":"","potentialAction":[{"@type":"SearchAction","target":{"@type":"EntryPoint","urlTemplate":"https:\/\/homann-architects.com\/en\/?s={search_term_string}"},"query-input":{"@type":"PropertyValueSpecification","valueRequired":true,"valueName":"search_term_string"}}],"inLanguage":"en-US"}]}},"_links":{"self":[{"href":"https:\/\/homann-architects.com\/en\/wp-json\/wp\/v2\/pages\/10162","targetHints":{"allow":["GET"]}}],"collection":[{"href":"https:\/\/homann-architects.com\/en\/wp-json\/wp\/v2\/pages"}],"about":[{"href":"https:\/\/homann-architects.com\/en\/wp-json\/wp\/v2\/types\/page"}],"author":[{"embeddable":true,"href":"https:\/\/homann-architects.com\/en\/wp-json\/wp\/v2\/users\/1"}],"replies":[{"embeddable":true,"href":"https:\/\/homann-architects.com\/en\/wp-json\/wp\/v2\/comments?post=10162"}],"version-history":[{"count":5,"href":"https:\/\/homann-architects.com\/en\/wp-json\/wp\/v2\/pages\/10162\/revisions"}],"predecessor-version":[{"id":10167,"href":"https:\/\/homann-architects.com\/en\/wp-json\/wp\/v2\/pages\/10162\/revisions\/10167"}],"wp:attachment":[{"href":"https:\/\/homann-architects.com\/en\/wp-json\/wp\/v2\/media?parent=10162"}],"curies":[{"name":"wp","href":"https:\/\/api.w.org\/{rel}","templated":true}]}}